{"id":407,"date":"2023-12-01T16:08:35","date_gmt":"2023-12-01T15:08:35","guid":{"rendered":"https:\/\/associationpatrimoineetenvironnementwamin.com\/?page_id=407"},"modified":"2024-05-01T17:00:32","modified_gmt":"2024-05-01T15:00:32","slug":"la-commanderie","status":"publish","type":"page","link":"https:\/\/associationpatrimoineetenvironnementwamin.com\/index.php\/wamin\/la-commanderie\/","title":{"rendered":"La commanderie"},"content":{"rendered":"\n<div class=\"wp-block-cover alignfull has-custom-content-position is-position-top-center\"><span aria-hidden=\"true\" class=\"wp-block-cover__background has-background-dim-20 has-background-dim\"><\/span><img loading=\"lazy\" decoding=\"async\" width=\"2048\" height=\"1536\" class=\"wp-block-cover__image-background wp-image-103\" alt=\"\" src=\"https:\/\/associationpatrimoineetenvironnementwamin.com\/wp-content\/uploads\/2023\/11\/commenderie.jpg\" style=\"object-position:44% 16%\" data-object-fit=\"cover\" data-object-position=\"44% 16%\" srcset=\"https:\/\/associationpatrimoineetenvironnementwamin.com\/wp-content\/uploads\/2023\/11\/commenderie.jpg 2048w, https:\/\/associationpatrimoineetenvironnementwamin.com\/wp-content\/uploads\/2023\/11\/commenderie-300x225.jpg 300w, https:\/\/associationpatrimoineetenvironnementwamin.com\/wp-content\/uploads\/2023\/11\/commenderie-1024x768.jpg 1024w, https:\/\/associationpatrimoineetenvironnementwamin.com\/wp-content\/uploads\/2023\/11\/commenderie-768x576.jpg 768w, https:\/\/associationpatrimoineetenvironnementwamin.com\/wp-content\/uploads\/2023\/11\/commenderie-1536x1152.jpg 1536w\" sizes=\"auto, (max-width: 2048px) 100vw, 2048px\" \/><div class=\"wp-block-cover__inner-container is-layout-constrained wp-block-cover-is-layout-constrained\">\n<p class=\"has-text-align-center has-large-font-size\"><\/p>\n<\/div><\/div>\n\n\n\n<h4 class=\"wp-block-heading has-text-color has-link-color wp-elements-b92bbb60a0a2505d46d17e3a8fc5711e\" style=\"color:#1e7a49\">La ferme du Bois-Saint-Jean est une ancienne commanderie de l\u2019ordre des Hospitaliers<\/h4>\n\n\n\n<figure class=\"wp-block-image\"><img loading=\"lazy\" decoding=\"async\" width=\"2048\" height=\"1536\" src=\"https:\/\/associationpatrimoineetenvironnementwamin.com\/wp-content\/uploads\/2023\/11\/avenue-platanes-bois-saint-jean.jpg?w=1024\" alt=\"\" class=\"wp-image-189\" srcset=\"https:\/\/associationpatrimoineetenvironnementwamin.com\/wp-content\/uploads\/2023\/11\/avenue-platanes-bois-saint-jean.jpg 2048w, https:\/\/associationpatrimoineetenvironnementwamin.com\/wp-content\/uploads\/2023\/11\/avenue-platanes-bois-saint-jean-300x225.jpg 300w, https:\/\/associationpatrimoineetenvironnementwamin.com\/wp-content\/uploads\/2023\/11\/avenue-platanes-bois-saint-jean-1024x768.jpg 1024w, https:\/\/associationpatrimoineetenvironnementwamin.com\/wp-content\/uploads\/2023\/11\/avenue-platanes-bois-saint-jean-768x576.jpg 768w, https:\/\/associationpatrimoineetenvironnementwamin.com\/wp-content\/uploads\/2023\/11\/avenue-platanes-bois-saint-jean-1536x1152.jpg 1536w\" sizes=\"auto, (max-width: 2048px) 100vw, 2048px\" \/><\/figure>\n\n\n\n<p class=\"has-text-color has-link-color wp-elements-731c083706940a3579ba14042ee80eef\" style=\"color:#1e7a49\">La commanderie du Bois Saint-Jean a \u00e9t\u00e9 cr\u00e9\u00e9e en 1182 par Philippe d\u2019Alsace, comte de Flandre et de Vermandois, \u00ab pour le rem\u00e8de de son \u00e2me et celle de ses anc\u00eatres \u00bb, pour les fr\u00e8res Hospitaliers de l\u2019Ordre de Saint-Jean de J\u00e9rusalem. Ceux-ci y construisirent une \u00e9glise, aujourd\u2019hui disparue.<br>Les Hospitaliers des dioc\u00e8ses voisins de Th\u00e9rouanne, Arras, Tournai, Cambrai et Noyon s\u2019y r\u00e9unissaient une fois par an.<br>La commanderie fut transf\u00e9r\u00e9e \u00e0 l\u2019Ordre de Malte de 1336 jusqu\u2019\u00e0 la R\u00e9volution et elle entretenait des relations fortes avec l\u2019abbaye d\u2019Auchy. Des bless\u00e9s des rudes combats du Moyen Age, dont celui d\u2019Azincourt, y furent soign\u00e9s.<\/p>\n\n\n\n<p class=\"has-text-color has-link-color wp-elements-10c12ff17a36e067bc47b95149c96ac4\" style=\"color:#1e7a49\">Jean-Marie Daull\u00e9, fermier, acquit le domaine aux Biens Nationaux en 1793, et commen\u00e7a la construction du corps de logis principal, sans jamais la terminer.<br>Le domaine fut c\u00e9d\u00e9 \u00e0 Martin Capet d\u2019Arras en 1826, puis en 1856 \u00e0 Fran\u00e7ois Anselme Lefebvre, anc\u00eatre des actuels propri\u00e9taires qui ont en entrepris la restauration en 2009.<\/p>\n\n\n\n<figure class=\"wp-block-image\"><img loading=\"lazy\" decoding=\"async\" width=\"2048\" height=\"1536\" src=\"https:\/\/associationpatrimoineetenvironnementwamin.com\/wp-content\/uploads\/2023\/11\/03-haiechenechevreuils.jpg?w=1024\" alt=\"\" class=\"wp-image-191\" srcset=\"https:\/\/associationpatrimoineetenvironnementwamin.com\/wp-content\/uploads\/2023\/11\/03-haiechenechevreuils.jpg 2048w, https:\/\/associationpatrimoineetenvironnementwamin.com\/wp-content\/uploads\/2023\/11\/03-haiechenechevreuils-300x225.jpg 300w, https:\/\/associationpatrimoineetenvironnementwamin.com\/wp-content\/uploads\/2023\/11\/03-haiechenechevreuils-1024x768.jpg 1024w, https:\/\/associationpatrimoineetenvironnementwamin.com\/wp-content\/uploads\/2023\/11\/03-haiechenechevreuils-768x576.jpg 768w, https:\/\/associationpatrimoineetenvironnementwamin.com\/wp-content\/uploads\/2023\/11\/03-haiechenechevreuils-1536x1152.jpg 1536w\" sizes=\"auto, (max-width: 2048px) 100vw, 2048px\" \/><\/figure>\n\n\n\n<p class=\"has-text-color has-link-color wp-elements-244c3d9e1a4511f6e2472d24a19efc97\" style=\"color:#1e7a49\">Apr\u00e8s une longue avenue de platanes, un ancien calvaire, \u00e0 l\u2019entr\u00e9e de la cour, souligne l\u2019origine religieuse du lieu.<\/p>\n\n\n\n<p class=\"has-text-color has-link-color wp-elements-156b038783e7e629085b456450f65112\" style=\"color:#1e7a49\">Le b\u00e2ti autour de la cour centrale, est compos\u00e9 de b\u00e2timents de ferme : \u00e9curie, granges, et bergerie et d\u2019un corps de logis, des 17\u00e8me&nbsp;et 18\u00e8me&nbsp;si\u00e8cles, avec un pigeonnier octogonal au centre de la cour.<\/p>\n\n\n\n<p class=\"has-text-color has-link-color wp-elements-6d109209757bcd6f09a5e563b39e6aeb\" style=\"color:#1e7a49\">L\u2019ensemble des b\u00e2timents est inscrit aux Monuments Historiques depuis 2009.<\/p>\n\n\n\n<p class=\"has-text-color has-link-color wp-elements-37ced669e4ab082fe0a0742802cfacdb\" style=\"color:#1e7a49\">Le domaine qui l\u2019entoure, dont les contours sont inchang\u00e9s depuis le Moyen Age, est remarquable par sa biodiversit\u00e9.&nbsp;<\/p>\n\n\n\n<p class=\"has-text-color has-link-color wp-elements-4e55cf81976d7f7b66620876a1de9852\" style=\"color:#1e7a49\">Il jouxte, \u00e0 l\u2019Ouest, la for\u00eat domaniale d\u2019Hesdin, et une ancienne voie romaine qui reliait Vieil-Hesdin \u00e0 Boulogne, et au Sud, le Parc des Ducs de Bourgogne et la muraille qui l\u2019entourait.<\/p>\n\n\n\n<p class=\"has-text-color has-link-color wp-elements-a79e0686c41baaf6dd86cf85210ccae1\" style=\"color:#1e7a49\">Ce parc, qui couvrait pr\u00e8s de 1000 hectares, \u00e9tait un des plus beaux d\u2019Europe au Moyen Age.<\/p>\n","protected":false},"excerpt":{"rendered":"<p>La ferme du Bois-Saint-Jean est une ancienne commanderie de l\u2019ordre des Hospitaliers La commanderie du Bois Saint-Jean a \u00e9t\u00e9 cr\u00e9\u00e9e en 1182 par Philippe d\u2019Alsace, comte de Flandre et de Vermandois, \u00ab pour le rem\u00e8de de son \u00e2me et celle de ses anc\u00eatres \u00bb, pour les fr\u00e8res Hospitaliers de l\u2019Ordre de Saint-Jean de J\u00e9rusalem. Ceux-ci [&hellip;]<\/p>\n","protected":false},"author":1,"featured_media":0,"parent":18,"menu_order":4,"comment_status":"closed","ping_status":"closed","template":"","meta":{"footnotes":""},"class_list":["post-407","page","type-page","status-publish","hentry"],"_links":{"self":[{"href":"https:\/\/associationpatrimoineetenvironnementwamin.com\/index.php\/wp-json\/wp\/v2\/pages\/407","targetHints":{"allow":["GET"]}}],"collection":[{"href":"https:\/\/associationpatrimoineetenvironnementwamin.com\/index.php\/wp-json\/wp\/v2\/pages"}],"about":[{"href":"https:\/\/associationpatrimoineetenvironnementwamin.com\/index.php\/wp-json\/wp\/v2\/types\/page"}],"author":[{"embeddable":true,"href":"https:\/\/associationpatrimoineetenvironnementwamin.com\/index.php\/wp-json\/wp\/v2\/users\/1"}],"replies":[{"embeddable":true,"href":"https:\/\/associationpatrimoineetenvironnementwamin.com\/index.php\/wp-json\/wp\/v2\/comments?post=407"}],"version-history":[{"count":5,"href":"https:\/\/associationpatrimoineetenvironnementwamin.com\/index.php\/wp-json\/wp\/v2\/pages\/407\/revisions"}],"predecessor-version":[{"id":797,"href":"https:\/\/associationpatrimoineetenvironnementwamin.com\/index.php\/wp-json\/wp\/v2\/pages\/407\/revisions\/797"}],"up":[{"embeddable":true,"href":"https:\/\/associationpatrimoineetenvironnementwamin.com\/index.php\/wp-json\/wp\/v2\/pages\/18"}],"wp:attachment":[{"href":"https:\/\/associationpatrimoineetenvironnementwamin.com\/index.php\/wp-json\/wp\/v2\/media?parent=407"}],"curies":[{"name":"wp","href":"https:\/\/api.w.org\/{rel}","templated":true}]}}