{"id":399,"date":"2023-12-01T15:52:55","date_gmt":"2023-12-01T14:52:55","guid":{"rendered":"https:\/\/associationpatrimoineetenvironnementwamin.com\/?page_id=399"},"modified":"2024-05-01T16:58:10","modified_gmt":"2024-05-01T14:58:10","slug":"leglise-de-wamin","status":"publish","type":"page","link":"https:\/\/associationpatrimoineetenvironnementwamin.com\/index.php\/wamin\/leglise-de-wamin\/","title":{"rendered":"L&rsquo;\u00e9glise de Wamin"},"content":{"rendered":"\n<div class=\"wp-block-cover alignfull\"><span aria-hidden=\"true\" class=\"wp-block-cover__background has-background-dim\"><\/span><img loading=\"lazy\" decoding=\"async\" width=\"768\" height=\"1024\" class=\"wp-block-cover__image-background wp-image-222\" alt=\"\" src=\"https:\/\/associationpatrimoineetenvironnementwamin.com\/wp-content\/uploads\/2023\/11\/choeur-et-autel.jpeg\" data-object-fit=\"cover\" srcset=\"https:\/\/associationpatrimoineetenvironnementwamin.com\/wp-content\/uploads\/2023\/11\/choeur-et-autel.jpeg 768w, https:\/\/associationpatrimoineetenvironnementwamin.com\/wp-content\/uploads\/2023\/11\/choeur-et-autel-225x300.jpeg 225w\" sizes=\"auto, (max-width: 768px) 100vw, 768px\" \/><div class=\"wp-block-cover__inner-container is-layout-constrained wp-block-cover-is-layout-constrained\">\n<p class=\"has-text-align-center has-large-font-size\"><\/p>\n<\/div><\/div>\n\n\n\n<p><\/p>\n\n\n\n<p class=\"has-custom-vert-color has-text-color has-link-color wp-elements-80ee9fee2461b18484c87114dcb0c1b6\">L\u2019\u00e9glise, Notre-Dame de l\u2019Assomption, fut donn\u00e9e \u00e0 l\u2019abbaye d\u2019Auchy les Moines en 1214 par Enguerrand, Comte d\u2019Hesdin.<br>Le site et l\u2019\u00e9glise \u00e9taient un lieu de p\u00e8lerinage : les p\u00e8lerins venaient y invoquer Saint Roch et Saint Laurent , protecteur du village, pour gu\u00e9rir de maux dermatologiques.<br><br>Il ne reste pas d\u2019\u00e9l\u00e9ments de l\u2019\u00e9poque m\u00e9di\u00e9vale. Par contre, son clocher-porche, avec une tour l\u00e9g\u00e8re, port\u00e9 par deux imposants contreforts, date du XVI<sup>e<\/sup>s. et a \u00e9t\u00e9 reconstruit en 1781.<br>La nef et les chapelles lat\u00e9rales, r\u00e9alis\u00e9es en pierres de craie trouv\u00e9es sur place et briques, datent du XVII<sup>e <\/sup>s,(arc triomphal dat\u00e9 de 1664) et furent restaur\u00e9es en 1762.<br>La cloche initiale, dat\u00e9e de 1400, se trouve actuellement \u00e0 Nesle-lez- Verlincthun, \u00e0 40km d\u2019ici. Elle comporte le nom d\u2019Antoinette de Cr\u00e9quy, descendante de la Seigneurie de Wamin; l\u2019actuelle cloche a \u00e9t\u00e9 baptis\u00e9e Alfrede C\u00e9cile, en 1838.<br><br><\/p>\n\n\n\n<figure class=\"wp-block-gallery has-nested-images columns-default is-cropped wp-block-gallery-1 is-layout-flex wp-block-gallery-is-layout-flex\">\n<figure class=\"wp-block-image size-large\"><img loading=\"lazy\" decoding=\"async\" width=\"1024\" height=\"768\" data-id=\"790\" src=\"https:\/\/associationpatrimoineetenvironnementwamin.com\/wp-content\/uploads\/2024\/05\/7.e.CLOCHE-1838-1024x768.jpg\" alt=\"\" class=\"wp-image-790\" srcset=\"https:\/\/associationpatrimoineetenvironnementwamin.com\/wp-content\/uploads\/2024\/05\/7.e.CLOCHE-1838-1024x768.jpg 1024w, https:\/\/associationpatrimoineetenvironnementwamin.com\/wp-content\/uploads\/2024\/05\/7.e.CLOCHE-1838-300x225.jpg 300w, https:\/\/associationpatrimoineetenvironnementwamin.com\/wp-content\/uploads\/2024\/05\/7.e.CLOCHE-1838-768x576.jpg 768w, https:\/\/associationpatrimoineetenvironnementwamin.com\/wp-content\/uploads\/2024\/05\/7.e.CLOCHE-1838-1536x1152.jpg 1536w, https:\/\/associationpatrimoineetenvironnementwamin.com\/wp-content\/uploads\/2024\/05\/7.e.CLOCHE-1838-2048x1536.jpg 2048w\" sizes=\"auto, (max-width: 1024px) 100vw, 1024px\" \/><\/figure>\n\n\n\n<figure class=\"wp-block-image size-large\"><img loading=\"lazy\" decoding=\"async\" width=\"1024\" height=\"768\" data-id=\"788\" src=\"https:\/\/associationpatrimoineetenvironnementwamin.com\/wp-content\/uploads\/2024\/05\/5.a.4.-detail-gravure-sur-la-cloche-1024x768.jpg\" alt=\"\" class=\"wp-image-788\" srcset=\"https:\/\/associationpatrimoineetenvironnementwamin.com\/wp-content\/uploads\/2024\/05\/5.a.4.-detail-gravure-sur-la-cloche-1024x768.jpg 1024w, https:\/\/associationpatrimoineetenvironnementwamin.com\/wp-content\/uploads\/2024\/05\/5.a.4.-detail-gravure-sur-la-cloche-300x225.jpg 300w, https:\/\/associationpatrimoineetenvironnementwamin.com\/wp-content\/uploads\/2024\/05\/5.a.4.-detail-gravure-sur-la-cloche-768x576.jpg 768w, https:\/\/associationpatrimoineetenvironnementwamin.com\/wp-content\/uploads\/2024\/05\/5.a.4.-detail-gravure-sur-la-cloche-1536x1152.jpg 1536w, https:\/\/associationpatrimoineetenvironnementwamin.com\/wp-content\/uploads\/2024\/05\/5.a.4.-detail-gravure-sur-la-cloche-2048x1536.jpg 2048w\" sizes=\"auto, (max-width: 1024px) 100vw, 1024px\" \/><\/figure>\n\n\n\n<figure class=\"wp-block-image size-large\"><img loading=\"lazy\" decoding=\"async\" width=\"768\" height=\"1024\" data-id=\"789\" src=\"https:\/\/associationpatrimoineetenvironnementwamin.com\/wp-content\/uploads\/2024\/05\/5.a.3-Cloche-768x1024.jpg\" alt=\"\" class=\"wp-image-789\" srcset=\"https:\/\/associationpatrimoineetenvironnementwamin.com\/wp-content\/uploads\/2024\/05\/5.a.3-Cloche-768x1024.jpg 768w, https:\/\/associationpatrimoineetenvironnementwamin.com\/wp-content\/uploads\/2024\/05\/5.a.3-Cloche-225x300.jpg 225w, https:\/\/associationpatrimoineetenvironnementwamin.com\/wp-content\/uploads\/2024\/05\/5.a.3-Cloche-1152x1536.jpg 1152w, https:\/\/associationpatrimoineetenvironnementwamin.com\/wp-content\/uploads\/2024\/05\/5.a.3-Cloche-1536x2048.jpg 1536w, https:\/\/associationpatrimoineetenvironnementwamin.com\/wp-content\/uploads\/2024\/05\/5.a.3-Cloche-scaled.jpg 1920w\" sizes=\"auto, (max-width: 768px) 100vw, 768px\" \/><\/figure>\n<\/figure>\n\n\n\n<p>Ces derni\u00e8res ann\u00e9es ont vu la restauration du clocher, de la tribune et de la fa\u00e7ade occidentale.<br>Une nouvelle statue de Notre-Dame de La Sagesse, au-dessus du porche, a \u00e9t\u00e9 offerte par le Comit\u00e9 des F\u00eates en 2015, en remplacement de la pr\u00e9c\u00e9dente, tr\u00e8s ab\u00eem\u00e9e, qui datait de 1902.<br>L\u2019autel d\u00e9di\u00e9 \u00e0 saint Laurent a \u00e9t\u00e9 restaur\u00e9 gr\u00e2ce \u00e0 un villageois, menuisier \u00e0 ses heures, qui a aussi r\u00e9alis\u00e9 de tr\u00e8s beaux meubles de sacristie.<\/p>\n\n\n\n<figure class=\"wp-block-image aligncenter\"><img loading=\"lazy\" decoding=\"async\" width=\"522\" height=\"300\" src=\"https:\/\/associationpatrimoineetenvironnementwamin.com\/wp-content\/uploads\/2023\/11\/eglise.png?w=522\" alt=\"\" class=\"wp-image-155\" srcset=\"https:\/\/associationpatrimoineetenvironnementwamin.com\/wp-content\/uploads\/2023\/11\/eglise.png 522w, https:\/\/associationpatrimoineetenvironnementwamin.com\/wp-content\/uploads\/2023\/11\/eglise-300x172.png 300w\" sizes=\"auto, (max-width: 522px) 100vw, 522px\" \/><\/figure>\n","protected":false},"excerpt":{"rendered":"<p>L\u2019\u00e9glise, Notre-Dame de l\u2019Assomption, fut donn\u00e9e \u00e0 l\u2019abbaye d\u2019Auchy les Moines en 1214 par Enguerrand, Comte d\u2019Hesdin.Le site et l\u2019\u00e9glise \u00e9taient un lieu de p\u00e8lerinage : les p\u00e8lerins venaient y invoquer Saint Roch et Saint Laurent , protecteur du village, pour gu\u00e9rir de maux dermatologiques. Il ne reste pas d\u2019\u00e9l\u00e9ments de l\u2019\u00e9poque m\u00e9di\u00e9vale. Par contre, [&hellip;]<\/p>\n","protected":false},"author":1,"featured_media":0,"parent":18,"menu_order":2,"comment_status":"closed","ping_status":"closed","template":"","meta":{"footnotes":""},"class_list":["post-399","page","type-page","status-publish","hentry"],"_links":{"self":[{"href":"https:\/\/associationpatrimoineetenvironnementwamin.com\/index.php\/wp-json\/wp\/v2\/pages\/399","targetHints":{"allow":["GET"]}}],"collection":[{"href":"https:\/\/associationpatrimoineetenvironnementwamin.com\/index.php\/wp-json\/wp\/v2\/pages"}],"about":[{"href":"https:\/\/associationpatrimoineetenvironnementwamin.com\/index.php\/wp-json\/wp\/v2\/types\/page"}],"author":[{"embeddable":true,"href":"https:\/\/associationpatrimoineetenvironnementwamin.com\/index.php\/wp-json\/wp\/v2\/users\/1"}],"replies":[{"embeddable":true,"href":"https:\/\/associationpatrimoineetenvironnementwamin.com\/index.php\/wp-json\/wp\/v2\/comments?post=399"}],"version-history":[{"count":7,"href":"https:\/\/associationpatrimoineetenvironnementwamin.com\/index.php\/wp-json\/wp\/v2\/pages\/399\/revisions"}],"predecessor-version":[{"id":796,"href":"https:\/\/associationpatrimoineetenvironnementwamin.com\/index.php\/wp-json\/wp\/v2\/pages\/399\/revisions\/796"}],"up":[{"embeddable":true,"href":"https:\/\/associationpatrimoineetenvironnementwamin.com\/index.php\/wp-json\/wp\/v2\/pages\/18"}],"wp:attachment":[{"href":"https:\/\/associationpatrimoineetenvironnementwamin.com\/index.php\/wp-json\/wp\/v2\/media?parent=399"}],"curies":[{"name":"wp","href":"https:\/\/api.w.org\/{rel}","templated":true}]}}