{"id":395,"date":"2023-12-01T15:43:33","date_gmt":"2023-12-01T14:43:33","guid":{"rendered":"https:\/\/associationpatrimoineetenvironnementwamin.com\/?page_id=395"},"modified":"2024-05-01T16:56:32","modified_gmt":"2024-05-01T14:56:32","slug":"origine-et-histoire","status":"publish","type":"page","link":"https:\/\/associationpatrimoineetenvironnementwamin.com\/index.php\/wamin\/origine-et-histoire\/","title":{"rendered":"Origine et Histoire"},"content":{"rendered":"\n<p class=\"has-text-align-center has-large-font-size\"><\/p>\n\n\n\n<div class=\"wp-block-cover alignfull has-custom-content-position is-position-top-center\"><span aria-hidden=\"true\" class=\"wp-block-cover__background has-background-dim-10 has-background-dim\"><\/span><img loading=\"lazy\" decoding=\"async\" width=\"2048\" height=\"1536\" class=\"wp-block-cover__image-background wp-image-190\" alt=\"\" src=\"https:\/\/associationpatrimoineetenvironnementwamin.com\/wp-content\/uploads\/2023\/11\/01-vue-densemble.jpg\" data-object-fit=\"cover\" srcset=\"https:\/\/associationpatrimoineetenvironnementwamin.com\/wp-content\/uploads\/2023\/11\/01-vue-densemble.jpg 2048w, https:\/\/associationpatrimoineetenvironnementwamin.com\/wp-content\/uploads\/2023\/11\/01-vue-densemble-300x225.jpg 300w, https:\/\/associationpatrimoineetenvironnementwamin.com\/wp-content\/uploads\/2023\/11\/01-vue-densemble-1024x768.jpg 1024w, https:\/\/associationpatrimoineetenvironnementwamin.com\/wp-content\/uploads\/2023\/11\/01-vue-densemble-768x576.jpg 768w, https:\/\/associationpatrimoineetenvironnementwamin.com\/wp-content\/uploads\/2023\/11\/01-vue-densemble-1536x1152.jpg 1536w\" sizes=\"auto, (max-width: 2048px) 100vw, 2048px\" \/><div class=\"wp-block-cover__inner-container is-layout-constrained wp-block-cover-is-layout-constrained\">\n<p class=\"has-text-align-center has-large-font-size\"><\/p>\n<\/div><\/div>\n\n\n\n<div class=\"wp-block-group is-layout-constrained wp-block-group-is-layout-constrained\">\n<div class=\"wp-block-columns is-layout-flex wp-container-core-columns-is-layout-28f84493 wp-block-columns-is-layout-flex\">\n<div class=\"wp-block-column is-layout-flow wp-block-column-is-layout-flow\" style=\"flex-basis:100%\">\n<p class=\"has-text-align-left has-text-color has-link-color wp-elements-94d1b1e4f212c3f9cb22ed51ceeffda1\" style=\"color:#1e7a49\">On trouve la mention du village dans la charte de fondation de l\u2019Abbaye d\u2019Auchy les Moines, (aujourd\u2019hui les Hesdin) d\u00e8s l\u2019ann\u00e9e 1070. Une donation est faite par Enguerrand, comte d\u2019Hesdin en 1214 aux moines.<\/p>\n<\/div>\n<\/div>\n<\/div>\n\n\n\n<p class=\"has-text-color has-link-color wp-elements-c7e6997c5e8efbef30b06a1c82947553\" style=\"color:#1e7a49\">Plusieurs hypoth\u00e8ses sont \u00e0 l\u2019origine du nom du village.<br>Le nom viendrait du latin\u00a0: Wal, de vallis : vall\u00e9e et Minor : moindre. C&rsquo;est \u00e0 dire, vall\u00e9e plus petite que la vall\u00e9e profonde. (ou Wail, commune voisine.)<br>Ce pourrait aussi \u00eatre \u00ab\u00a0Wamen\u00a0\u00bb, charrier de la boue ou  \u00abWamhen\u00bb, le hameau de la boue.\u00a0<\/p>\n\n\n\n<p class=\"has-text-color has-link-color wp-elements-7bbeab0387b225b5c68b29e4c0397fa6\" style=\"color:#1e7a49\">Son orthographe aurait \u00e9t\u00e9 : walmin, wammin, puis wamin ou wamain en vieux fran\u00e7ais.<\/p>\n\n\n\n<p><\/p>\n\n\n\n<p class=\"has-text-color has-link-color wp-elements-675e13335125f65381253e5e0a8feba0\" style=\"color:#1e7a49\">Le village se situe au c\u0153ur d\u2019un secteur charg\u00e9 d\u2019histoire&nbsp;: Fressin et son ch\u00e2teau f\u00e9odal ( avec la famille de Cr\u00e9quy)&nbsp;; Azincourt et son champ de bataille&nbsp;; Le Parcq, qui \u00e9tait le parc du ch\u00e2teau de Vieil Hesdin, aussi nomm\u00e9 parc des ducs de Bourgogne, connu pour ses automates, sa m\u00e9nagerie.<\/p>\n\n\n\n<p class=\"has-text-color has-link-color wp-elements-d833b1e24f995a07da93b18e3fccaaa8\" style=\"color:#1e7a49\">A partir du 12\u00e8me si\u00e8cle, apr\u00e8s que Saint Louis ait confirm\u00e9 la donation faite par Louis VIII \u00e0 son fr\u00e8re Robert d\u2019Artois, (penser \u00e0 l\u2019histoire des Rois maudits et \u00e0 sa tante Mahaut d\u2019Artois, dont le nom se retrouve encore \u00e0 Hesdin).<\/p>\n\n\n\n<p class=\"has-text-color has-link-color wp-elements-0fbf862ea425f44c1af3b16b68286dc0\" style=\"color:#1e7a49\"><br>La paroisse de Wamin est partag\u00e9e en 4 seigneuries, avec basse, moyenne (et haute justice), droit de nomination et hommes de fiefs :<\/p>\n\n\n\n<p class=\"has-text-color has-link-color has-small-font-size wp-elements-ffac41cd394ab31b0875836a3821ec5a\" style=\"color:#1e7a49\">1 l\u2019Abbaye d\u2019Auchy les Moines &nbsp;&nbsp;&nbsp;3 la Seigneurie de Wamin<\/p>\n\n\n\n<p class=\"has-text-color has-link-color has-small-font-size wp-elements-139e806c75797b772f245d033615104d\" style=\"color:#1e7a49\">2 le Bois Saint-Jean &nbsp;           4 la seigneurie de Rhumenville     <\/p>\n\n\n\n<p><\/p>\n\n\n\n<figure class=\"wp-block-gallery has-nested-images columns-default is-cropped wp-block-gallery-1 is-layout-flex wp-block-gallery-is-layout-flex\">\n<figure class=\"wp-block-image size-large\"><img loading=\"lazy\" decoding=\"async\" width=\"522\" height=\"300\" data-id=\"155\" src=\"https:\/\/associationpatrimoineetenvironnementwamin.com\/wp-content\/uploads\/2023\/11\/eglise.png?w=522\" alt=\"\" class=\"wp-image-155\" srcset=\"https:\/\/associationpatrimoineetenvironnementwamin.com\/wp-content\/uploads\/2023\/11\/eglise.png 522w, https:\/\/associationpatrimoineetenvironnementwamin.com\/wp-content\/uploads\/2023\/11\/eglise-300x172.png 300w\" sizes=\"auto, (max-width: 522px) 100vw, 522px\" \/><\/figure>\n\n\n\n<figure class=\"wp-block-image size-large\"><img loading=\"lazy\" decoding=\"async\" width=\"480\" height=\"640\" data-id=\"47\" src=\"https:\/\/associationpatrimoineetenvironnementwamin.com\/wp-content\/uploads\/2023\/11\/caleche-chateau.jpg?w=480\" alt=\"\" class=\"wp-image-47\" srcset=\"https:\/\/associationpatrimoineetenvironnementwamin.com\/wp-content\/uploads\/2023\/11\/caleche-chateau.jpg 480w, https:\/\/associationpatrimoineetenvironnementwamin.com\/wp-content\/uploads\/2023\/11\/caleche-chateau-225x300.jpg 225w\" sizes=\"auto, (max-width: 480px) 100vw, 480px\" \/><\/figure>\n\n\n\n<figure class=\"wp-block-image size-large\"><img loading=\"lazy\" decoding=\"async\" width=\"2048\" height=\"1536\" data-id=\"103\" src=\"https:\/\/associationpatrimoineetenvironnementwamin.com\/wp-content\/uploads\/2023\/11\/commenderie.jpg?w=1024\" alt=\"\" class=\"wp-image-103\" srcset=\"https:\/\/associationpatrimoineetenvironnementwamin.com\/wp-content\/uploads\/2023\/11\/commenderie.jpg 2048w, https:\/\/associationpatrimoineetenvironnementwamin.com\/wp-content\/uploads\/2023\/11\/commenderie-300x225.jpg 300w, https:\/\/associationpatrimoineetenvironnementwamin.com\/wp-content\/uploads\/2023\/11\/commenderie-1024x768.jpg 1024w, https:\/\/associationpatrimoineetenvironnementwamin.com\/wp-content\/uploads\/2023\/11\/commenderie-768x576.jpg 768w, https:\/\/associationpatrimoineetenvironnementwamin.com\/wp-content\/uploads\/2023\/11\/commenderie-1536x1152.jpg 1536w\" sizes=\"auto, (max-width: 2048px) 100vw, 2048px\" \/><\/figure>\n<\/figure>\n\n\n<p style=\"text-align: justify;\"><span style=\"color: #008000;\"><strong>Le vil<\/strong><strong>l<\/strong><strong>age<\/strong><\/span><\/p>\n<p style=\"text-align: justify;\"><span style=\"color: #008000;\">Wamin a \u00e9t\u00e9 source d\u2019inspiration pour de nombreux peintres, professionnels ou amateurs. <\/span><br \/><span style=\"color: #008000;\">Jusqu\u2019aux ann\u00e9es 1968-70, o\u00f9 l\u2019eau courante est arriv\u00e9e, cette place \u00e9tait enherb\u00e9e avec des petits sentiers reliant les maisons, un puits central en bois et sa margelle.<\/span><\/p>\n<p style=\"text-align: justify;\"><span style=\"color: #008000;\">Deux autres puits alimentaient le village : un identique au \u00ab\u00a0carr\u00e9 vert\u00a0\u00bb <\/span><span style=\"color: #008000;\">&#8211; d\u00e9part des chemins de randonn\u00e9e, (tilleuls) &#8211; et un autre, en b\u00e9ton, rue d\u2019En-Bas, ayant encore servi en 1976 lors de la s\u00e9cheresse.<\/span><\/p>\n<p style=\"text-align: justify;\"><span style=\"color: #008000;\">Sur cette m\u00eame place, se trouvait une boulangerie-\u00e9picerie-caf\u00e9, cabine publique, salle de bal. (qui devint une discoth\u00e8que, La Louche) jusqu\u2019aux ann\u00e9es 1990 environ.<\/span><\/p>\n<p style=\"text-align: justify;\"><span style=\"color: #008000;\">Comme dans tous les villages, il y avait des \u00abvoyettes\u00bb (des petits chemins qui menaient \u00e0 d&rsquo;autres lieux le long des champs).<\/span><\/p>\n<p style=\"text-align: justify;\"><span style=\"color: #008000;\">Wamin est un petit village, rural et bois\u00e9, de 250 habitants, sur une surface de 720 hectares (7,2 km2), nich\u00e9 en lisi\u00e8re de la for\u00eat d\u2019Hesdin. <\/span><br \/><span style=\"color: #008000;\">Le village s\u2019\u00e9tend autour du ch\u00e2teau et de l\u2019\u00e9glise, vers les hameaux de Rhumenville, du Bois Saint-Jean, du Petit Wamin ainsi que quelques habitations sur la route d\u2019Hesdin \u00e0 Fruges. Wamin allait jusqu\u2019\u00e0 l&rsquo;\u00e9glise de La Loge. L\u2019appellation \u00ab Petit Wamin \u00bb est r\u00e9cente, les maisons \u00e9tant construites depuis les ann\u00e9es 1975 environ.<\/span><\/p>\n<p style=\"text-align: justify;\"><span style=\"color: #008000;\">L\u2019agriculture, principale activit\u00e9 du village avec 6 fermes de polyculture- \u00e9levage, est tr\u00e8s diversifi\u00e9e. \u00c0 noter qu\u2019en 1970, il y en avait 17 qui employaient alors une abondante main d\u2019\u0153uvre, permanente comme saisonni\u00e8re. De nombreux saisonniers venaient de loin, notamment de Belgique et Pologne.<\/span><\/p>\n<p style=\"text-align: justify;\"><span style=\"color: #008000;\">Aujourd\u2019hui, s\u2019ajoutent 3 poulaillers, labellis\u00e9s bio, qui abritent 63 000 poules et 1 000 coqs\u00a0!<\/span><\/p>\n<p style=\"text-align: justify;\"><span style=\"color: #008000;\">Cette activit\u00e9 a inspir\u00e9 la cr\u00e9ation de la \u00ab\u00a0F\u00eate de l\u2019\u0153uf\u00a0\u00bb, qui a lieu le lundi de P\u00e2ques.<\/span><\/p>\n<p style=\"text-align: justify;\"><span style=\"color: #008000;\">Le village comporte aussi plusieurs entreprises artisanales \u2013 \u00e9lectricit\u00e9 &#8211;\u00a0 plusieurs g\u00eetes et chambres d\u2019h\u00f4tes, ainsi qu&rsquo;un restaurant: \u00a0\u00bbLe chant du grill\u00a0\u00bb et la friterie \u00a0\u00bbAu grand air\u00a0\u00bb.<\/span><\/p>\n<p style=\"text-align: justify;\"><span style=\"color: #008000;\">La commune est tr\u00e8s appr\u00e9ci\u00e9e des touristes (notamment \u00e9trangers) pour son calme et son environnement : certains y ont \u00e9tabli leur r\u00e9sidence secondaire.<\/span><\/p>\n\n\n<hr class=\"wp-block-separator has-alpha-channel-opacity\"\/>\n\n\n\n<figure class=\"wp-block-gallery has-nested-images columns-default is-cropped wp-block-gallery-2 is-layout-flex wp-block-gallery-is-layout-flex\">\n<figure class=\"wp-block-image size-large\"><img loading=\"lazy\" decoding=\"async\" width=\"2048\" height=\"1536\" data-id=\"190\" src=\"https:\/\/associationpatrimoineetenvironnementwamin.com\/wp-content\/uploads\/2023\/11\/01-vue-densemble.jpg?w=1024\" alt=\"\" class=\"wp-image-190\" srcset=\"https:\/\/associationpatrimoineetenvironnementwamin.com\/wp-content\/uploads\/2023\/11\/01-vue-densemble.jpg 2048w, https:\/\/associationpatrimoineetenvironnementwamin.com\/wp-content\/uploads\/2023\/11\/01-vue-densemble-300x225.jpg 300w, https:\/\/associationpatrimoineetenvironnementwamin.com\/wp-content\/uploads\/2023\/11\/01-vue-densemble-1024x768.jpg 1024w, https:\/\/associationpatrimoineetenvironnementwamin.com\/wp-content\/uploads\/2023\/11\/01-vue-densemble-768x576.jpg 768w, https:\/\/associationpatrimoineetenvironnementwamin.com\/wp-content\/uploads\/2023\/11\/01-vue-densemble-1536x1152.jpg 1536w\" sizes=\"auto, (max-width: 2048px) 100vw, 2048px\" \/><\/figure>\n\n\n\n<figure class=\"wp-block-image size-large\"><img decoding=\"async\" data-id=\"183\" src=\"https:\/\/associationpatrimoineetenvironnementwamin.com\/wp-content\/uploads\/2023\/11\/img_2084.jpg?w=1024\" alt=\"\" class=\"wp-image-183\"\/><\/figure>\n\n\n\n<figure class=\"wp-block-image size-large\"><img decoding=\"async\" data-id=\"185\" src=\"https:\/\/associationpatrimoineetenvironnementwamin.com\/wp-content\/uploads\/2023\/11\/dsc09227.jpg?w=1024\" alt=\"\" class=\"wp-image-185\"\/><\/figure>\n<\/figure>\n\n\n\n<hr class=\"wp-block-separator has-alpha-channel-opacity\"\/>\n\n\n\n<hr class=\"wp-block-separator has-alpha-channel-opacity\"\/>\n\n\n\n<figure class=\"wp-block-embed is-type-video is-provider-youtube wp-block-embed-youtube wp-embed-aspect-16-9 wp-has-aspect-ratio\"><div class=\"wp-block-embed__wrapper\">\n<iframe loading=\"lazy\" title=\"Pre\u0300s des fermes de Rumenville une vue a\u0300 360\u00b0 sans encore de pollution visuelle\" width=\"500\" height=\"281\" src=\"https:\/\/www.youtube.com\/embed\/HvuZSm76TxY?feature=oembed\" frameborder=\"0\" allow=\"accelerometer; autoplay; clipboard-write; encrypted-media; gyroscope; picture-in-picture; web-share\" referrerpolicy=\"strict-origin-when-cross-origin\" allowfullscreen><\/iframe>\n<\/div><\/figure>\n","protected":false},"excerpt":{"rendered":"<p>On trouve la mention du village dans la charte de fondation de l\u2019Abbaye d\u2019Auchy les Moines, (aujourd\u2019hui les Hesdin) d\u00e8s l\u2019ann\u00e9e 1070. Une donation est faite par Enguerrand, comte d\u2019Hesdin en 1214 aux moines. Plusieurs hypoth\u00e8ses sont \u00e0 l\u2019origine du nom du village.Le nom viendrait du latin\u00a0: Wal, de vallis : vall\u00e9e et Minor : [&hellip;]<\/p>\n","protected":false},"author":1,"featured_media":0,"parent":18,"menu_order":1,"comment_status":"closed","ping_status":"closed","template":"","meta":{"footnotes":""},"class_list":["post-395","page","type-page","status-publish","hentry"],"_links":{"self":[{"href":"https:\/\/associationpatrimoineetenvironnementwamin.com\/index.php\/wp-json\/wp\/v2\/pages\/395","targetHints":{"allow":["GET"]}}],"collection":[{"href":"https:\/\/associationpatrimoineetenvironnementwamin.com\/index.php\/wp-json\/wp\/v2\/pages"}],"about":[{"href":"https:\/\/associationpatrimoineetenvironnementwamin.com\/index.php\/wp-json\/wp\/v2\/types\/page"}],"author":[{"embeddable":true,"href":"https:\/\/associationpatrimoineetenvironnementwamin.com\/index.php\/wp-json\/wp\/v2\/users\/1"}],"replies":[{"embeddable":true,"href":"https:\/\/associationpatrimoineetenvironnementwamin.com\/index.php\/wp-json\/wp\/v2\/comments?post=395"}],"version-history":[{"count":8,"href":"https:\/\/associationpatrimoineetenvironnementwamin.com\/index.php\/wp-json\/wp\/v2\/pages\/395\/revisions"}],"predecessor-version":[{"id":795,"href":"https:\/\/associationpatrimoineetenvironnementwamin.com\/index.php\/wp-json\/wp\/v2\/pages\/395\/revisions\/795"}],"up":[{"embeddable":true,"href":"https:\/\/associationpatrimoineetenvironnementwamin.com\/index.php\/wp-json\/wp\/v2\/pages\/18"}],"wp:attachment":[{"href":"https:\/\/associationpatrimoineetenvironnementwamin.com\/index.php\/wp-json\/wp\/v2\/media?parent=395"}],"curies":[{"name":"wp","href":"https:\/\/api.w.org\/{rel}","templated":true}]}}