{"id":31,"date":"2023-11-23T13:45:37","date_gmt":"2023-11-23T12:45:37","guid":{"rendered":"https:\/\/associationpatrimoineetenvironnementdewamin.wordpress.com\/?page_id=31"},"modified":"2024-01-20T09:47:08","modified_gmt":"2024-01-20T08:47:08","slug":"qui-sommes-nous","status":"publish","type":"page","link":"https:\/\/associationpatrimoineetenvironnementwamin.com\/index.php\/qui-sommes-nous\/","title":{"rendered":"Qui sommes-nous ?"},"content":{"rendered":"\n<div class=\"wp-block-cover alignfull is-light\" style=\"padding-right:var(--wp--preset--spacing--60);padding-left:var(--wp--preset--spacing--60);min-height:680px;aspect-ratio:unset;\"><span aria-hidden=\"true\" class=\"wp-block-cover__background has-background-dim-0 has-background-dim\" style=\"background-color:#FFF\"><\/span><img decoding=\"async\" class=\"wp-block-cover__image-background wp-image-188\" alt=\"\" src=\"https:\/\/associationpatrimoineetenvironnementwamin.com\/wp-content\/uploads\/2023\/11\/img_5510._ademjpg.jpg\" data-object-fit=\"cover\"\/><div class=\"wp-block-cover__inner-container is-layout-flow wp-block-cover-is-layout-flow\">\n<p class=\"has-text-align-center has-large-font-size\"><\/p>\n<\/div><\/div>\n\n\n\n<div class=\"wp-block-group is-vertical is-layout-flex wp-container-core-group-is-layout-fe9cc265 wp-block-group-is-layout-flex\">\n<p class=\"has-text-color has-link-color has-large-font-size wp-elements-259eae61f1e504b0cff280fb47b330cb\" style=\"color:#1e7a49\"><strong>Mentions l\u00e9gales<\/strong><\/p>\n\n\n\n<p class=\"has-text-color has-link-color has-medium-font-size wp-elements-a70e45a50ec9d7b665a2b1f00db3d6ab\" style=\"color:#1e7a49\"><\/p>\n\n\n\n<p class=\"has-text-color has-link-color has-medium-font-size wp-elements-36728e7745194e7b670a91840b00aac2\" style=\"color:#1e7a49\">L&rsquo;association <strong>Patrimoine et environnement de la commune de Wamin<\/strong> a \u00e9t\u00e9 d\u00e9clar\u00e9e le 27 avril 2021.<\/p>\n\n\n\n<p class=\"has-text-color has-link-color has-medium-font-size wp-elements-1dae5b3c2a64ec69b7376bfef63ded76\" style=\"color:#1e7a49\"><strong>Objet&nbsp;:<\/strong> D\u00e9velopper l&rsquo;attrait de la commune de Wamin par la mise en valeur de ses patrimoines b\u00e2tis et paysagers. <\/p>\n\n\n\n<p class=\"has-text-color has-link-color has-medium-font-size wp-elements-f7802cda931b922db5b58bb91a8bf0f1\" style=\"color:#1e7a49\"><strong>Si\u00e8ge social&nbsp;:<\/strong> Rue du Mar\u00e9chal &#8211; 62770 Wamin <\/p>\n\n\n\n<p class=\"has-custom-vert-color has-text-color has-link-color has-medium-font-size wp-elements-259c61ecf27f03e19a87275d175a8079\" style=\"color:#1e7a49\"><a href=\"https:\/\/associationpatrimoineetenvironnementwamin.com\/index.php\/qui-sommes-nous\/contact\/\">Contact<\/a> : contact@associationpatrimoineetenvironnementwamin.com<\/p>\n\n\n\n<p class=\"has-text-color has-link-color has-medium-font-size wp-elements-f2af3d082845e6a7230396dae9052991\" style=\"color:#1e7a49\"><strong>Wamin<\/strong> est une commune fran\u00e7aise situ\u00e9e dans le d\u00e9partement du Pas-de-Calais en r\u00e9gion Hauts-de-France. La commune fait partie de la communaut\u00e9 de communes des 7 Vall\u00e9es qui regroupe 69 communes.  <\/p>\n<\/div>\n\n\n\n<p class=\"has-text-color has-link-color wp-elements-60a471f380af0f80abaf4639d57a6ef9\" style=\"color:#1e7a49\"> <\/p>\n\n\n\n<p class=\"has-text-color has-link-color wp-elements-497cbe9879d283b173ae0ca64057fb39\" style=\"color:#1e7a49\"><\/p>\n\n\n\n<p><\/p>\n\n\n\n<p class=\"has-custom-vert-color has-text-color has-link-color wp-elements-ee4b845ece99b128c1704611e78e960b\"><strong>R\u00e8glement G\u00e9n\u00e9ral sur la Protection des Donn\u00e9es<\/strong>\u00a0: l&rsquo;Association ne collecte aucune donn\u00e9e personnelle.<\/p>\n\n\n\n<p><\/p>\n\n\n\n<figure data-wp-context=\"{&quot;imageId&quot;:&quot;69e59b4687eb7&quot;}\" data-wp-interactive=\"core\/image\" data-wp-key=\"69e59b4687eb7\" class=\"wp-block-image aligncenter size-full is-resized wp-lightbox-container\"><img loading=\"lazy\" decoding=\"async\" width=\"1409\" height=\"1386\" data-wp-class--hide=\"state.isContentHidden\" data-wp-class--show=\"state.isContentVisible\" data-wp-init=\"callbacks.setButtonStyles\" data-wp-on--click=\"actions.showLightbox\" data-wp-on--load=\"callbacks.setButtonStyles\" data-wp-on-window--resize=\"callbacks.setButtonStyles\" src=\"https:\/\/associationpatrimoineetenvironnementwamin.com\/wp-content\/uploads\/2024\/01\/vue-de-Wamin.png\" alt=\"\" class=\"wp-image-678\" style=\"width:458px;height:auto\" srcset=\"https:\/\/associationpatrimoineetenvironnementwamin.com\/wp-content\/uploads\/2024\/01\/vue-de-Wamin.png 1409w, https:\/\/associationpatrimoineetenvironnementwamin.com\/wp-content\/uploads\/2024\/01\/vue-de-Wamin-300x295.png 300w, https:\/\/associationpatrimoineetenvironnementwamin.com\/wp-content\/uploads\/2024\/01\/vue-de-Wamin-1024x1007.png 1024w, https:\/\/associationpatrimoineetenvironnementwamin.com\/wp-content\/uploads\/2024\/01\/vue-de-Wamin-768x755.png 768w\" sizes=\"auto, (max-width: 1409px) 100vw, 1409px\" \/><button\n\t\t\tclass=\"lightbox-trigger\"\n\t\t\ttype=\"button\"\n\t\t\taria-haspopup=\"dialog\"\n\t\t\taria-label=\"Agrandir\"\n\t\t\tdata-wp-init=\"callbacks.initTriggerButton\"\n\t\t\tdata-wp-on--click=\"actions.showLightbox\"\n\t\t\tdata-wp-style--right=\"state.imageButtonRight\"\n\t\t\tdata-wp-style--top=\"state.imageButtonTop\"\n\t\t>\n\t\t\t<svg xmlns=\"http:\/\/www.w3.org\/2000\/svg\" width=\"12\" height=\"12\" fill=\"none\" viewBox=\"0 0 12 12\">\n\t\t\t\t<path fill=\"#fff\" d=\"M2 0a2 2 0 0 0-2 2v2h1.5V2a.5.5 0 0 1 .5-.5h2V0H2Zm2 10.5H2a.5.5 0 0 1-.5-.5V8H0v2a2 2 0 0 0 2 2h2v-1.5ZM8 12v-1.5h2a.5.5 0 0 0 .5-.5V8H12v2a2 2 0 0 1-2 2H8Zm2-12a2 2 0 0 1 2 2v2h-1.5V2a.5.5 0 0 0-.5-.5H8V0h2Z\" \/>\n\t\t\t<\/svg>\n\t\t<\/button><\/figure>\n\n\n\n<p class=\"has-text-align-center\">                                   <em>Cliquer pour agrandir l&rsquo;image<\/em><\/p>\n","protected":false},"excerpt":{"rendered":"<p>Mentions l\u00e9gales L&rsquo;association Patrimoine et environnement de la commune de Wamin a \u00e9t\u00e9 d\u00e9clar\u00e9e le 27 avril 2021. Objet&nbsp;: D\u00e9velopper l&rsquo;attrait de la commune de Wamin par la mise en valeur de ses patrimoines b\u00e2tis et paysagers. Si\u00e8ge social&nbsp;: Rue du Mar\u00e9chal &#8211; 62770 Wamin Contact : contact@associationpatrimoineetenvironnementwamin.com Wamin est une commune fran\u00e7aise situ\u00e9e dans [&hellip;]<\/p>\n","protected":false},"author":1,"featured_media":0,"parent":0,"menu_order":4,"comment_status":"closed","ping_status":"closed","template":"","meta":{"footnotes":""},"class_list":["post-31","page","type-page","status-publish","hentry"],"_links":{"self":[{"href":"https:\/\/associationpatrimoineetenvironnementwamin.com\/index.php\/wp-json\/wp\/v2\/pages\/31","targetHints":{"allow":["GET"]}}],"collection":[{"href":"https:\/\/associationpatrimoineetenvironnementwamin.com\/index.php\/wp-json\/wp\/v2\/pages"}],"about":[{"href":"https:\/\/associationpatrimoineetenvironnementwamin.com\/index.php\/wp-json\/wp\/v2\/types\/page"}],"author":[{"embeddable":true,"href":"https:\/\/associationpatrimoineetenvironnementwamin.com\/index.php\/wp-json\/wp\/v2\/users\/1"}],"replies":[{"embeddable":true,"href":"https:\/\/associationpatrimoineetenvironnementwamin.com\/index.php\/wp-json\/wp\/v2\/comments?post=31"}],"version-history":[{"count":19,"href":"https:\/\/associationpatrimoineetenvironnementwamin.com\/index.php\/wp-json\/wp\/v2\/pages\/31\/revisions"}],"predecessor-version":[{"id":692,"href":"https:\/\/associationpatrimoineetenvironnementwamin.com\/index.php\/wp-json\/wp\/v2\/pages\/31\/revisions\/692"}],"wp:attachment":[{"href":"https:\/\/associationpatrimoineetenvironnementwamin.com\/index.php\/wp-json\/wp\/v2\/media?parent=31"}],"curies":[{"name":"wp","href":"https:\/\/api.w.org\/{rel}","templated":true}]}}