{"id":11,"date":"2023-11-23T11:27:55","date_gmt":"2023-11-23T10:27:55","guid":{"rendered":"https:\/\/associationpatrimoineetenvironnementdewamin.wordpress.com\/a-propos\/"},"modified":"2024-01-20T17:08:18","modified_gmt":"2024-01-20T16:08:18","slug":"evenements","status":"publish","type":"page","link":"https:\/\/associationpatrimoineetenvironnementwamin.com\/index.php\/evenements\/","title":{"rendered":"\u00c9v\u00e9nements"},"content":{"rendered":"\n<div class=\"wp-block-cover alignfull is-light\" style=\"min-height:460px;aspect-ratio:unset;\"><span aria-hidden=\"true\" class=\"wp-block-cover__background has-background-dim-0 has-background-dim\" style=\"background-color:#FFF\"><\/span><img decoding=\"async\" class=\"wp-block-cover__image-background wp-image-187\" alt=\"\" src=\"https:\/\/associationpatrimoineetenvironnementwamin.com\/wp-content\/uploads\/2023\/11\/img_5735.jpg\" style=\"object-position:50% 33%\" data-object-fit=\"cover\" data-object-position=\"50% 33%\"\/><div class=\"wp-block-cover__inner-container is-layout-flow wp-block-cover-is-layout-flow\">\n<p class=\"has-text-align-center has-text-color has-link-color has-x-large-font-size wp-elements-e61050149e3662a28dc507bae69741b9\" style=\"color:#1e7a49\"><strong><mark style=\"background-color:rgba(0, 0, 0, 0);color:#1e7a49\" class=\"has-inline-color\">Quoi de neuf \u00e0 WAMIN ?<\/mark><\/strong><\/p>\n<\/div><\/div>\n\n\n\n<div class=\"wp-block-group alignfull is-layout-constrained wp-container-core-group-is-layout-55a0b918 wp-block-group-is-layout-constrained\">\n<p class=\"has-text-color has-link-color wp-elements-9901e1c34833befb5f6e4305d97817d1\" style=\"color:#1e7a49\">Au fil de l&rsquo;ann\u00e9e plusieurs \u00e9v\u00e9nements permettent aux habitant du village de se retrouver pour des moments conviviaux !<\/p>\n\n\n\n<p class=\"has-text-color has-link-color wp-elements-95859d4a7a47cdb952644f651763e0e8\" style=\"color:#1e7a49\">D&rsquo;autres activit\u00e9s dans les environs sur le site de l&rsquo;office de tourisme de la r\u00e9gion : <a href=\"https:\/\/www.valleesdopale.com\/fr\/offre-touristique\/79969-wamin\/\">ICI<\/a>  <\/p>\n<\/div>\n\n\n\n<div style=\"height:45px\" aria-hidden=\"true\" class=\"wp-block-spacer\"><\/div>\n\n\n\n<div class=\"wp-block-query alignfull is-layout-flow wp-block-query-is-layout-flow\">\n<div class=\"wp-block-group is-layout-constrained wp-block-group-is-layout-constrained\">\n<div class=\"wp-block-columns is-layout-flex wp-container-core-columns-is-layout-28f84493 wp-block-columns-is-layout-flex\">\n<div class=\"wp-block-column is-layout-flow wp-block-column-is-layout-flow\" style=\"flex-basis:100%\"><ul class=\"wp-block-post-template is-layout-flow wp-block-post-template-is-layout-flow\"><li class=\"wp-block-post post-1075 post type-post status-publish format-standard has-post-thumbnail hentry category-evenements tag-fete-de-loeuf\">\n\n<div class=\"wp-block-columns alignwide is-layout-flex wp-container-core-columns-is-layout-28f84493 wp-block-columns-is-layout-flex\">\n<div class=\"wp-block-column is-layout-constrained wp-container-core-column-is-layout-3e6a9b1e wp-block-column-is-layout-constrained\" style=\"flex-basis:66.66%\"><figure style=\"aspect-ratio:auto;width:500%;height:200px;\" class=\"aligncenter wp-block-post-featured-image\"><a href=\"https:\/\/associationpatrimoineetenvironnementwamin.com\/index.php\/2026\/03\/05\/fete-de-loeuf-le-lundi-6-avril-2026\/\" target=\"_self\"  style=\"height:200px\"><img loading=\"lazy\" decoding=\"async\" width=\"1414\" height=\"2000\" src=\"https:\/\/associationpatrimoineetenvironnementwamin.com\/wp-content\/uploads\/2026\/03\/Affiche-jaune-fete-deloeuf-26.jpg\" class=\"attachment-post-thumbnail size-post-thumbnail wp-post-image\" alt=\"F\u00eate de l&rsquo;oeuf le lundi 6 avril 2026\" style=\"width:100%;height:100%;object-fit:contain;\" srcset=\"https:\/\/associationpatrimoineetenvironnementwamin.com\/wp-content\/uploads\/2026\/03\/Affiche-jaune-fete-deloeuf-26.jpg 1414w, https:\/\/associationpatrimoineetenvironnementwamin.com\/wp-content\/uploads\/2026\/03\/Affiche-jaune-fete-deloeuf-26-212x300.jpg 212w, https:\/\/associationpatrimoineetenvironnementwamin.com\/wp-content\/uploads\/2026\/03\/Affiche-jaune-fete-deloeuf-26-724x1024.jpg 724w, https:\/\/associationpatrimoineetenvironnementwamin.com\/wp-content\/uploads\/2026\/03\/Affiche-jaune-fete-deloeuf-26-768x1086.jpg 768w, https:\/\/associationpatrimoineetenvironnementwamin.com\/wp-content\/uploads\/2026\/03\/Affiche-jaune-fete-deloeuf-26-1086x1536.jpg 1086w\" sizes=\"auto, (max-width: 1414px) 100vw, 1414px\" \/><\/a><\/figure><\/div>\n\n\n\n<div class=\"wp-block-column is-layout-flow wp-block-column-is-layout-flow\" style=\"flex-basis:70%\"><h2 class=\"has-text-align-right wp-block-post-title\"><a href=\"https:\/\/associationpatrimoineetenvironnementwamin.com\/index.php\/2026\/03\/05\/fete-de-loeuf-le-lundi-6-avril-2026\/\" target=\"_self\" >F\u00eate de l&rsquo;oeuf le lundi 6 avril 2026<\/a><\/h2>\n\n<div class=\"has-link-color wp-elements-3cd236ef8a159ae44309aacb72e3b316 wp-block-post-excerpt has-text-color has-custom-vert-color\"><p class=\"wp-block-post-excerpt__excerpt\"> <\/p><\/div><\/div>\n<\/div>\n\n<\/li><li class=\"wp-block-post post-929 post type-post status-publish format-standard has-post-thumbnail hentry category-evenements category-non-classe\">\n\n<div class=\"wp-block-columns alignwide is-layout-flex wp-container-core-columns-is-layout-28f84493 wp-block-columns-is-layout-flex\">\n<div class=\"wp-block-column is-layout-constrained wp-container-core-column-is-layout-3e6a9b1e wp-block-column-is-layout-constrained\" style=\"flex-basis:66.66%\"><figure style=\"aspect-ratio:auto;width:500%;height:200px;\" class=\"aligncenter wp-block-post-featured-image\"><a href=\"https:\/\/associationpatrimoineetenvironnementwamin.com\/index.php\/2025\/08\/14\/invitation-a-la-journee-de-bienvenue-au-village-2025\/\" target=\"_self\"  style=\"height:200px\"><img loading=\"lazy\" decoding=\"async\" width=\"1595\" height=\"496\" src=\"https:\/\/associationpatrimoineetenvironnementwamin.com\/wp-content\/uploads\/2024\/01\/logotype-blanc-fond-vert.jpg\" class=\"attachment-post-thumbnail size-post-thumbnail wp-post-image\" alt=\"Invitation \u00e0 la journ\u00e9e de Bienvenue au village 2025\" style=\"width:100%;height:100%;object-fit:contain;\" srcset=\"https:\/\/associationpatrimoineetenvironnementwamin.com\/wp-content\/uploads\/2024\/01\/logotype-blanc-fond-vert.jpg 1595w, https:\/\/associationpatrimoineetenvironnementwamin.com\/wp-content\/uploads\/2024\/01\/logotype-blanc-fond-vert-300x93.jpg 300w, https:\/\/associationpatrimoineetenvironnementwamin.com\/wp-content\/uploads\/2024\/01\/logotype-blanc-fond-vert-1024x318.jpg 1024w, https:\/\/associationpatrimoineetenvironnementwamin.com\/wp-content\/uploads\/2024\/01\/logotype-blanc-fond-vert-768x239.jpg 768w, https:\/\/associationpatrimoineetenvironnementwamin.com\/wp-content\/uploads\/2024\/01\/logotype-blanc-fond-vert-1536x478.jpg 1536w\" sizes=\"auto, (max-width: 1595px) 100vw, 1595px\" \/><\/a><\/figure><\/div>\n\n\n\n<div class=\"wp-block-column is-layout-flow wp-block-column-is-layout-flow\" style=\"flex-basis:70%\"><h2 class=\"has-text-align-right wp-block-post-title\"><a href=\"https:\/\/associationpatrimoineetenvironnementwamin.com\/index.php\/2025\/08\/14\/invitation-a-la-journee-de-bienvenue-au-village-2025\/\" target=\"_self\" >Invitation \u00e0 la journ\u00e9e de Bienvenue au village 2025<\/a><\/h2>\n\n<div class=\"has-link-color wp-elements-3cd236ef8a159ae44309aacb72e3b316 wp-block-post-excerpt has-text-color has-custom-vert-color\"><p class=\"wp-block-post-excerpt__excerpt\"> <\/p><\/div><\/div>\n<\/div>\n\n<\/li><li class=\"wp-block-post post-708 post type-post status-publish format-standard has-post-thumbnail hentry category-evenements tag-bienvenue-au-village tag-village-patrimoine\">\n\n<div class=\"wp-block-columns alignwide is-layout-flex wp-container-core-columns-is-layout-28f84493 wp-block-columns-is-layout-flex\">\n<div class=\"wp-block-column is-layout-constrained wp-container-core-column-is-layout-3e6a9b1e wp-block-column-is-layout-constrained\" style=\"flex-basis:66.66%\"><figure style=\"aspect-ratio:auto;width:500%;height:200px;\" class=\"aligncenter wp-block-post-featured-image\"><a href=\"https:\/\/associationpatrimoineetenvironnementwamin.com\/index.php\/2024\/05\/18\/bienvenue-au-village-2023\/\" target=\"_self\"  style=\"height:200px\"><img loading=\"lazy\" decoding=\"async\" width=\"1596\" height=\"496\" src=\"https:\/\/associationpatrimoineetenvironnementwamin.com\/wp-content\/uploads\/2024\/01\/logotype.jpg\" class=\"attachment-post-thumbnail size-post-thumbnail wp-post-image\" alt=\"Bienvenue au village\" style=\"width:100%;height:100%;object-fit:contain;\" srcset=\"https:\/\/associationpatrimoineetenvironnementwamin.com\/wp-content\/uploads\/2024\/01\/logotype.jpg 1596w, https:\/\/associationpatrimoineetenvironnementwamin.com\/wp-content\/uploads\/2024\/01\/logotype-300x93.jpg 300w, https:\/\/associationpatrimoineetenvironnementwamin.com\/wp-content\/uploads\/2024\/01\/logotype-1024x318.jpg 1024w, https:\/\/associationpatrimoineetenvironnementwamin.com\/wp-content\/uploads\/2024\/01\/logotype-768x239.jpg 768w, https:\/\/associationpatrimoineetenvironnementwamin.com\/wp-content\/uploads\/2024\/01\/logotype-1536x477.jpg 1536w\" sizes=\"auto, (max-width: 1596px) 100vw, 1596px\" \/><\/a><\/figure><\/div>\n\n\n\n<div class=\"wp-block-column is-layout-flow wp-block-column-is-layout-flow\" style=\"flex-basis:70%\"><h2 class=\"has-text-align-right wp-block-post-title\"><a href=\"https:\/\/associationpatrimoineetenvironnementwamin.com\/index.php\/2024\/05\/18\/bienvenue-au-village-2023\/\" target=\"_self\" >Bienvenue au village<\/a><\/h2>\n\n<div class=\"has-link-color wp-elements-3cd236ef8a159ae44309aacb72e3b316 wp-block-post-excerpt has-text-color has-custom-vert-color\"><p class=\"wp-block-post-excerpt__excerpt\">Voici les photos de la journ\u00e9e du 10 ao\u00fbt 2024 ! La journ\u00e9e de d\u00e9couverte des villages patrimoine se place sous l&rsquo;\u00e9gide des Jeux olympiques ! Wamin et Blangy sur Ternoise ont pr\u00e9par\u00e9 une journ\u00e9e hors des sentiers battus . Depuis 2017, le village de Wamin a \u00e9t\u00e9 \u00e9lu \u00ab\u00a0Village patrimoine\u00a0\u00bb. Dans le cadre de\u2026 <\/p><\/div><\/div>\n<\/div>\n\n<\/li><li class=\"wp-block-post post-813 post type-post status-publish format-standard hentry category-evenements category-journees-europeennes\">\n\n<div class=\"wp-block-columns alignwide is-layout-flex wp-container-core-columns-is-layout-28f84493 wp-block-columns-is-layout-flex\">\n<div class=\"wp-block-column is-layout-constrained wp-container-core-column-is-layout-3e6a9b1e wp-block-column-is-layout-constrained\" style=\"flex-basis:66.66%\"><\/div>\n\n\n\n<div class=\"wp-block-column is-layout-flow wp-block-column-is-layout-flow\" style=\"flex-basis:70%\"><h2 class=\"has-text-align-right wp-block-post-title\"><a href=\"https:\/\/associationpatrimoineetenvironnementwamin.com\/index.php\/2024\/05\/01\/journees-europeennes-du-patrimoine-2024\/\" target=\"_self\" >Journ\u00e9es europ\u00e9ennes du Patrimoine 2024<\/a><\/h2>\n\n<div class=\"has-link-color wp-elements-3cd236ef8a159ae44309aacb72e3b316 wp-block-post-excerpt has-text-color has-custom-vert-color\"><p class=\"wp-block-post-excerpt__excerpt\">Notez sur vos agendas : les 21 et 22 septembre 2024. Cette ann\u00e9e encore, une th\u00e9matique leur sera associ\u00e9e. <\/p><\/div><\/div>\n<\/div>\n\n<\/li><\/ul><\/div>\n<\/div>\n<\/div>\n<\/div>\n","protected":false},"excerpt":{"rendered":"<p>Au fil de l&rsquo;ann\u00e9e plusieurs \u00e9v\u00e9nements permettent aux habitant du village de se retrouver pour des moments conviviaux ! D&rsquo;autres activit\u00e9s dans les environs sur le site de l&rsquo;office de tourisme de la r\u00e9gion : ICI<\/p>\n","protected":false},"author":1,"featured_media":0,"parent":0,"menu_order":3,"comment_status":"closed","ping_status":"closed","template":"","meta":{"footnotes":""},"class_list":["post-11","page","type-page","status-publish","hentry"],"_links":{"self":[{"href":"https:\/\/associationpatrimoineetenvironnementwamin.com\/index.php\/wp-json\/wp\/v2\/pages\/11","targetHints":{"allow":["GET"]}}],"collection":[{"href":"https:\/\/associationpatrimoineetenvironnementwamin.com\/index.php\/wp-json\/wp\/v2\/pages"}],"about":[{"href":"https:\/\/associationpatrimoineetenvironnementwamin.com\/index.php\/wp-json\/wp\/v2\/types\/page"}],"author":[{"embeddable":true,"href":"https:\/\/associationpatrimoineetenvironnementwamin.com\/index.php\/wp-json\/wp\/v2\/users\/1"}],"replies":[{"embeddable":true,"href":"https:\/\/associationpatrimoineetenvironnementwamin.com\/index.php\/wp-json\/wp\/v2\/comments?post=11"}],"version-history":[{"count":10,"href":"https:\/\/associationpatrimoineetenvironnementwamin.com\/index.php\/wp-json\/wp\/v2\/pages\/11\/revisions"}],"predecessor-version":[{"id":736,"href":"https:\/\/associationpatrimoineetenvironnementwamin.com\/index.php\/wp-json\/wp\/v2\/pages\/11\/revisions\/736"}],"wp:attachment":[{"href":"https:\/\/associationpatrimoineetenvironnementwamin.com\/index.php\/wp-json\/wp\/v2\/media?parent=11"}],"curies":[{"name":"wp","href":"https:\/\/api.w.org\/{rel}","templated":true}]}}