{"id":1021,"date":"2026-01-19T18:44:06","date_gmt":"2026-01-19T17:44:06","guid":{"rendered":"https:\/\/associationpatrimoineetenvironnementwamin.com\/?page_id=1021"},"modified":"2026-02-05T15:49:31","modified_gmt":"2026-02-05T14:49:31","slug":"piquets-dhistoire","status":"publish","type":"page","link":"https:\/\/associationpatrimoineetenvironnementwamin.com\/index.php\/piquets-dhistoire\/","title":{"rendered":"Piquets d&rsquo;histoire"},"content":{"rendered":"\n<div class=\"wp-block-query alignwide is-layout-constrained wp-block-query-is-layout-constrained\"><ul class=\"alignwide wp-block-post-template is-layout-flow wp-block-post-template-is-layout-flow\"><li class=\"wp-block-post post-957 post type-post status-publish format-standard has-post-thumbnail hentry category-piquets-dhistoire\">\n\n<div class=\"wp-block-group is-nowrap is-layout-flex wp-container-core-group-is-layout-6c531013 wp-block-group-is-layout-flex\"><figure style=\"width:100%;height:318px;\" class=\"wp-block-post-featured-image\"><a href=\"https:\/\/associationpatrimoineetenvironnementwamin.com\/index.php\/2026\/01\/04\/tournages-au-chateau\/\" target=\"_self\"  style=\"height:318px\"><img loading=\"lazy\" decoding=\"async\" width=\"2560\" height=\"1920\" src=\"https:\/\/associationpatrimoineetenvironnementwamin.com\/wp-content\/uploads\/2024\/01\/71D6945D-8577-4995-ACAE-0A8FFA646556-scaled.jpeg\" class=\"attachment-post-thumbnail size-post-thumbnail wp-post-image\" alt=\"TOURNAGES AU CH\u00c2TEAU\" style=\"height:318px;object-fit:cover;\" srcset=\"https:\/\/associationpatrimoineetenvironnementwamin.com\/wp-content\/uploads\/2024\/01\/71D6945D-8577-4995-ACAE-0A8FFA646556-scaled.jpeg 2560w, https:\/\/associationpatrimoineetenvironnementwamin.com\/wp-content\/uploads\/2024\/01\/71D6945D-8577-4995-ACAE-0A8FFA646556-300x225.jpeg 300w, https:\/\/associationpatrimoineetenvironnementwamin.com\/wp-content\/uploads\/2024\/01\/71D6945D-8577-4995-ACAE-0A8FFA646556-1024x768.jpeg 1024w, https:\/\/associationpatrimoineetenvironnementwamin.com\/wp-content\/uploads\/2024\/01\/71D6945D-8577-4995-ACAE-0A8FFA646556-768x576.jpeg 768w, https:\/\/associationpatrimoineetenvironnementwamin.com\/wp-content\/uploads\/2024\/01\/71D6945D-8577-4995-ACAE-0A8FFA646556-1536x1152.jpeg 1536w, https:\/\/associationpatrimoineetenvironnementwamin.com\/wp-content\/uploads\/2024\/01\/71D6945D-8577-4995-ACAE-0A8FFA646556-2048x1536.jpeg 2048w\" sizes=\"auto, (max-width: 2560px) 100vw, 2560px\" \/><\/a><\/figure><\/div>\n\n\n<h2 class=\"wp-block-post-title has-x-large-font-size\"><a href=\"https:\/\/associationpatrimoineetenvironnementwamin.com\/index.php\/2026\/01\/04\/tournages-au-chateau\/\" target=\"_self\" >TOURNAGES AU CH\u00c2TEAU<\/a><\/h2>\n\n<div class=\"wp-block-post-excerpt\"><p class=\"wp-block-post-excerpt__excerpt\">Parce que ce ch\u00e2teau est attrayant, autant \u00e0 l\u2019ext\u00e9rieur qu\u2019\u00e0 l\u2019int\u00e9rieur, deux films&nbsp;y ont \u00e9t\u00e9 tourn\u00e9s : Sous le soleil de Satan. Un film de Maurice Pialat, Palme d\u2019or du festival de Cannes en 1987. Parmi les acteurs de ce film adapt\u00e9 du roman de Georges Bernanos qui a habit\u00e9 \u00e0 Fressin \u00e0 quelques kilom\u00e8tres\u2026 <\/p><\/div>\n\n<div class=\"wp-block-post-date has-small-font-size\"><time datetime=\"2026-01-04T19:08:33+01:00\"><a href=\"https:\/\/associationpatrimoineetenvironnementwamin.com\/index.php\/2026\/01\/04\/tournages-au-chateau\/\">janvier 4, 2026<\/a><\/time><\/div>\n<\/li><li class=\"wp-block-post post-965 post type-post status-publish format-standard has-post-thumbnail hentry category-piquets-dhistoire tag-visiter-leglise\">\n\n<div class=\"wp-block-group is-nowrap is-layout-flex wp-container-core-group-is-layout-6c531013 wp-block-group-is-layout-flex\"><figure style=\"width:100%;height:318px;\" class=\"wp-block-post-featured-image\"><a href=\"https:\/\/associationpatrimoineetenvironnementwamin.com\/index.php\/2026\/01\/04\/comment-visiter-leglise-alors-quelle-est-fermee\/\" target=\"_self\"  style=\"height:318px\"><img loading=\"lazy\" decoding=\"async\" width=\"391\" height=\"772\" src=\"https:\/\/associationpatrimoineetenvironnementwamin.com\/wp-content\/uploads\/2026\/01\/eglise.png\" class=\"attachment-post-thumbnail size-post-thumbnail wp-post-image\" alt=\"COMMENT VISITER L\u2019\u00c9GLISE ALORS QU\u2019ELLE EST FERM\u00c9E\u00a0?\" style=\"height:318px;object-fit:cover;\" srcset=\"https:\/\/associationpatrimoineetenvironnementwamin.com\/wp-content\/uploads\/2026\/01\/eglise.png 391w, https:\/\/associationpatrimoineetenvironnementwamin.com\/wp-content\/uploads\/2026\/01\/eglise-152x300.png 152w\" sizes=\"auto, (max-width: 391px) 100vw, 391px\" \/><\/a><\/figure><\/div>\n\n\n<h2 class=\"wp-block-post-title has-x-large-font-size\"><a href=\"https:\/\/associationpatrimoineetenvironnementwamin.com\/index.php\/2026\/01\/04\/comment-visiter-leglise-alors-quelle-est-fermee\/\" target=\"_self\" >COMMENT VISITER L\u2019\u00c9GLISE ALORS QU\u2019ELLE EST FERM\u00c9E\u00a0?<\/a><\/h2>\n\n<div class=\"wp-block-post-excerpt\"><p class=\"wp-block-post-excerpt__excerpt\">Tout simplement en chargeant l\u2019application \u00ab&nbsp;BellesEglises&nbsp;\u00bb sur votre smartphone gr\u00e2ce \u00e0 ce QR code Puis en cliquant sur \u00ab&nbsp;\u00c9GLISES \u00c0 PROXIMIT\u00c9&nbsp;\u00bb. Un dernier petit clic sur Wamin et vous entrez alors dans l\u2019\u00e9glise Notre-Dame de l\u2019Assomption. Bonne visite&nbsp;! ou sur le site : https:\/\/www.belleseglises.com\/eglises\/wamin&#8212;eglise-notre-dame-de-lassomption <\/p><\/div>\n\n<div class=\"wp-block-post-date has-small-font-size\"><time datetime=\"2026-01-04T19:08:17+01:00\"><a href=\"https:\/\/associationpatrimoineetenvironnementwamin.com\/index.php\/2026\/01\/04\/comment-visiter-leglise-alors-quelle-est-fermee\/\">janvier 4, 2026<\/a><\/time><\/div>\n<\/li><li class=\"wp-block-post post-967 post type-post status-publish format-standard has-post-thumbnail hentry category-piquets-dhistoire tag-boulangerie tag-cafe tag-epicerie\">\n\n<div class=\"wp-block-group is-nowrap is-layout-flex wp-container-core-group-is-layout-6c531013 wp-block-group-is-layout-flex\"><figure style=\"width:100%;height:318px;\" class=\"wp-block-post-featured-image\"><a href=\"https:\/\/associationpatrimoineetenvironnementwamin.com\/index.php\/2026\/01\/04\/cafe-epicerie-boulangerie-cabine-publique\/\" target=\"_self\"  style=\"height:318px\"><img loading=\"lazy\" decoding=\"async\" width=\"395\" height=\"209\" src=\"https:\/\/associationpatrimoineetenvironnementwamin.com\/wp-content\/uploads\/2026\/01\/Sans-titre-e1771153516512.png\" class=\"attachment-post-thumbnail size-post-thumbnail wp-post-image\" alt=\"CAF\u00c9-\u00c9PICERIE-BOULANGERIE-CABINE PUBLIQUE\" style=\"height:318px;object-fit:cover;\" srcset=\"https:\/\/associationpatrimoineetenvironnementwamin.com\/wp-content\/uploads\/2026\/01\/Sans-titre-e1771153516512.png 395w, https:\/\/associationpatrimoineetenvironnementwamin.com\/wp-content\/uploads\/2026\/01\/Sans-titre-e1771153516512-300x159.png 300w\" sizes=\"auto, (max-width: 395px) 100vw, 395px\" \/><\/a><\/figure><\/div>\n\n\n<h2 class=\"wp-block-post-title has-x-large-font-size\"><a href=\"https:\/\/associationpatrimoineetenvironnementwamin.com\/index.php\/2026\/01\/04\/cafe-epicerie-boulangerie-cabine-publique\/\" target=\"_self\" >CAF\u00c9-\u00c9PICERIE-BOULANGERIE-CABINE PUBLIQUE<\/a><\/h2>\n\n<div class=\"wp-block-post-excerpt\"><p class=\"wp-block-post-excerpt__excerpt\">\u00c0 l\u2019endroit o\u00f9 vous vous trouvez se trouvait le principal caf\u00e9 de Wamin. Situ\u00e9 id\u00e9alement au centre du village, les waminois s\u2019y rendait en de nombreuses occasions. Ils venaient, par exemple, s\u2019approvisionner en pain \u00e0 la boulangerie (p\u00e9trit sur place par le boulanger jusqu\u2019en XXX) apr\u00e8s avoir fait le plein d\u2019eau potable dans le puits\u2026 <\/p><\/div>\n\n<div class=\"wp-block-post-date has-small-font-size\"><time datetime=\"2026-01-04T19:08:04+01:00\"><a href=\"https:\/\/associationpatrimoineetenvironnementwamin.com\/index.php\/2026\/01\/04\/cafe-epicerie-boulangerie-cabine-publique\/\">janvier 4, 2026<\/a><\/time><\/div>\n<\/li><li class=\"wp-block-post post-963 post type-post status-publish format-standard has-post-thumbnail hentry category-piquets-dhistoire tag-choux tag-naissent-ils tag-rosiers\">\n\n<div class=\"wp-block-group is-nowrap is-layout-flex wp-container-core-group-is-layout-6c531013 wp-block-group-is-layout-flex\"><figure style=\"width:100%;height:318px;\" class=\"wp-block-post-featured-image\"><a href=\"https:\/\/associationpatrimoineetenvironnementwamin.com\/index.php\/2026\/01\/04\/naissent-ils-dans-les-choux-ou-dans-les-rosiers\/\" target=\"_self\"  style=\"height:318px\"><img loading=\"lazy\" decoding=\"async\" width=\"300\" height=\"300\" src=\"https:\/\/associationpatrimoineetenvironnementwamin.com\/wp-content\/uploads\/2026\/01\/rosiers-e1770912790781.jpg\" class=\"attachment-post-thumbnail size-post-thumbnail wp-post-image\" alt=\"NAISSENT-ILS DANS LES CHOUX OU DANS LES ROSIERS\u00a0?\" style=\"height:318px;object-fit:cover;\" \/><\/a><\/figure><\/div>\n\n\n<h2 class=\"wp-block-post-title has-x-large-font-size\"><a href=\"https:\/\/associationpatrimoineetenvironnementwamin.com\/index.php\/2026\/01\/04\/naissent-ils-dans-les-choux-ou-dans-les-rosiers\/\" target=\"_self\" >NAISSENT-ILS DANS LES CHOUX OU DANS LES ROSIERS\u00a0?<\/a><\/h2>\n\n<div class=\"wp-block-post-excerpt\"><p class=\"wp-block-post-excerpt__excerpt\">\u00c0 Wamin, sur la place du village, le monument aux morts rappelle le sacrifice de nos ain\u00e9s en temps de guerre. Mais on y c\u00e9l\u00e8bre aussi la vie&nbsp;! Des rosiers sont plant\u00e9s pour rappeler la naissance, dans l\u2019ann\u00e9e \u00e9coul\u00e9e, d\u2019un enfant du village. Ainsi, en 2023, des rosiers ont \u00e9t\u00e9 plant\u00e9s pour Rose, Vianney et\u2026 <\/p><\/div>\n\n<div class=\"wp-block-post-date has-small-font-size\"><time datetime=\"2026-01-04T18:50:52+01:00\"><a href=\"https:\/\/associationpatrimoineetenvironnementwamin.com\/index.php\/2026\/01\/04\/naissent-ils-dans-les-choux-ou-dans-les-rosiers\/\">janvier 4, 2026<\/a><\/time><\/div>\n<\/li><\/ul>\n\n\n<hr class=\"wp-block-separator has-css-opacity alignwide is-style-wide\"\/>\n<\/div>\n\n\n\n<p><\/p>\n","protected":false},"excerpt":{"rendered":"","protected":false},"author":2,"featured_media":0,"parent":0,"menu_order":4,"comment_status":"closed","ping_status":"closed","template":"","meta":{"footnotes":""},"class_list":["post-1021","page","type-page","status-publish","hentry"],"_links":{"self":[{"href":"https:\/\/associationpatrimoineetenvironnementwamin.com\/index.php\/wp-json\/wp\/v2\/pages\/1021","targetHints":{"allow":["GET"]}}],"collection":[{"href":"https:\/\/associationpatrimoineetenvironnementwamin.com\/index.php\/wp-json\/wp\/v2\/pages"}],"about":[{"href":"https:\/\/associationpatrimoineetenvironnementwamin.com\/index.php\/wp-json\/wp\/v2\/types\/page"}],"author":[{"embeddable":true,"href":"https:\/\/associationpatrimoineetenvironnementwamin.com\/index.php\/wp-json\/wp\/v2\/users\/2"}],"replies":[{"embeddable":true,"href":"https:\/\/associationpatrimoineetenvironnementwamin.com\/index.php\/wp-json\/wp\/v2\/comments?post=1021"}],"version-history":[{"count":13,"href":"https:\/\/associationpatrimoineetenvironnementwamin.com\/index.php\/wp-json\/wp\/v2\/pages\/1021\/revisions"}],"predecessor-version":[{"id":1056,"href":"https:\/\/associationpatrimoineetenvironnementwamin.com\/index.php\/wp-json\/wp\/v2\/pages\/1021\/revisions\/1056"}],"wp:attachment":[{"href":"https:\/\/associationpatrimoineetenvironnementwamin.com\/index.php\/wp-json\/wp\/v2\/media?parent=1021"}],"curies":[{"name":"wp","href":"https:\/\/api.w.org\/{rel}","templated":true}]}}